{"id":2,"date":"2022-05-05T08:58:31","date_gmt":"2022-05-05T06:58:31","guid":{"rendered":"https:\/\/curtis-dev.mooh.ch\/?page_id=2"},"modified":"2024-01-25T15:30:08","modified_gmt":"2024-01-25T14:30:08","slug":"beispiel-seite","status":"publish","type":"page","link":"https:\/\/www.curtisdienste.ch\/","title":{"rendered":""},"content":{"rendered":"\n<div class=\"wp-block-cover alignfull is-light has-custom-content-position is-position-top-center is-style-no-block-gap\" style=\"min-height:707px;aspect-ratio:unset;\"><span aria-hidden=\"true\" class=\"wp-block-cover__background has-primary-background-color has-background-dim-10 has-background-dim\"><\/span><img loading=\"lazy\" decoding=\"async\" width=\"2000\" height=\"1333\" class=\"wp-block-cover__image-background wp-image-74\" alt=\"\" src=\"https:\/\/curtis-dev.mooh.ch\/wp-content\/uploads\/2022\/06\/WP-notebook-writing-watch-work-hand-finger-12-pxhere.com_.jpg\" style=\"object-position:15% 2%\" data-object-fit=\"cover\" data-object-position=\"15% 2%\" srcset=\"https:\/\/www.curtisdienste.ch\/wp-content\/uploads\/2022\/06\/WP-notebook-writing-watch-work-hand-finger-12-pxhere.com_.jpg 2000w, https:\/\/www.curtisdienste.ch\/wp-content\/uploads\/2022\/06\/WP-notebook-writing-watch-work-hand-finger-12-pxhere.com_-300x200.jpg 300w, https:\/\/www.curtisdienste.ch\/wp-content\/uploads\/2022\/06\/WP-notebook-writing-watch-work-hand-finger-12-pxhere.com_-1024x682.jpg 1024w, https:\/\/www.curtisdienste.ch\/wp-content\/uploads\/2022\/06\/WP-notebook-writing-watch-work-hand-finger-12-pxhere.com_-768x512.jpg 768w, https:\/\/www.curtisdienste.ch\/wp-content\/uploads\/2022\/06\/WP-notebook-writing-watch-work-hand-finger-12-pxhere.com_-1536x1024.jpg 1536w\" sizes=\"auto, (max-width: 706px) 89vw, (max-width: 767px) 82vw, 740px\" \/><div class=\"wp-block-cover__inner-container is-layout-flow wp-block-cover-is-layout-flow\">\n<div class=\"wp-block-group\"><div class=\"wp-block-group__inner-container is-layout-flow wp-block-group-is-layout-flow\"><div class=\"wp-block-image\">\n<figure class=\"aligncenter size-large is-resized\"><img decoding=\"async\" src=\"https:\/\/www.curtisdienste.ch\/wp-content\/uploads\/2022\/06\/Logo-CurtisDienste.png\" alt=\"\" style=\"width:268px;height:378px\"\/><\/figure><\/div>\n\n\n<h2 class=\"wp-block-heading has-text-align-center has-large-font-size\" style=\"font-style:normal;font-weight:900\"><strong>Curtis Dienste<\/strong><\/h2>\n\n\n\n<p class=\"has-text-align-center\">Helfen &#8211; Unterst\u00fctzen &#8211;  Begleiten<\/p>\n<\/div><\/div>\n\n\n\n<p class=\"has-medium-font-size\"><\/p>\n\n\n\n<p><\/p>\n<\/div><\/div>\n\n\n\n<p>Neben der Bew\u00e4ltigung des pers\u00f6nlichen Verlusts und der Trauer rund um einen Todesfall sind sie da, all die vielen Kleinigkeiten.<br>Erfahrungsgem\u00e4ss sind es genau diese \u00abkleinen\u00bb Erledigungen, welche in grossem Aufwand und noch mehr M\u00fche m\u00fcnden. Sei es der Vertrag bei der Versicherung, das Nummernschild des Fahrzeugs, die vielen Online Abos oder das Mobiltelefon und anderen Vertragspartnern und Mitgliedschaften.<br>Eben genau diese Besorgungen \u00fcbernehme ich f\u00fcr Sie. Individuell und je nach Bed\u00fcrfnis diskret und zuverl\u00e4ssig, damit Ihr Leben wenigsten aus dieser Sicht wieder in eine neue und geregelte Realit\u00e4t zur\u00fcckkehren kann.<\/p>\n\n\n\n<p>Ihre Eva Curtis<\/p>\n\n\n\n<p><\/p>\n\n\n\n<p><\/p>\n\n\n\n<div class=\"wp-block-cover alignwide is-light\" style=\"min-height:225px;aspect-ratio:unset;\"><span aria-hidden=\"true\" class=\"wp-block-cover__background has-background-dim-0 has-background-dim\"><\/span><img loading=\"lazy\" decoding=\"async\" width=\"1895\" height=\"1231\" class=\"wp-block-cover__image-background wp-image-73\" alt=\"\" src=\"https:\/\/curtis-dev.mooh.ch\/wp-content\/uploads\/2022\/06\/WP-HandHalten02.jpg\" style=\"object-position:49% 76%\" data-object-fit=\"cover\" data-object-position=\"49% 76%\" srcset=\"https:\/\/www.curtisdienste.ch\/wp-content\/uploads\/2022\/06\/WP-HandHalten02.jpg 1895w, https:\/\/www.curtisdienste.ch\/wp-content\/uploads\/2022\/06\/WP-HandHalten02-300x195.jpg 300w, https:\/\/www.curtisdienste.ch\/wp-content\/uploads\/2022\/06\/WP-HandHalten02-1024x665.jpg 1024w, https:\/\/www.curtisdienste.ch\/wp-content\/uploads\/2022\/06\/WP-HandHalten02-768x499.jpg 768w, https:\/\/www.curtisdienste.ch\/wp-content\/uploads\/2022\/06\/WP-HandHalten02-1536x998.jpg 1536w\" sizes=\"auto, (max-width: 706px) 89vw, (max-width: 767px) 82vw, 740px\" \/><div class=\"wp-block-cover__inner-container is-layout-flow wp-block-cover-is-layout-flow\">\n<p class=\"has-text-align-center has-large-font-size\"><\/p>\n<\/div><\/div>\n\n\n\n<p><strong>Erste Schritte<\/strong><\/p>\n\n\n\n<p>Zusammenstellen der aktuellen Unterlagen gem\u00e4ss Checkliste. Entscheiden Sie was wir f\u00fcr Sie erledigen d\u00fcrfen und ob sie allenfalls einzelne Punkte selber bearbeiten m\u00f6chten.<br>Wir  k\u00f6nnen wir Ihnen auch helfen die elektronischen Dienste Mitgliedschaften etc. zu bearbeiten.<\/p>\n\n\n\n<p><strong>Zus\u00e4tzliche Angebote<\/strong><\/p>\n\n\n\n<p>Ich helfe auch gerne bei Steuererkl\u00e4rungen, EL, Hilflosenentsch\u00e4digung, bei der Anpassung Ihrer Franchise, ich kann Zahlungen f\u00fcr Sie erledigen, Krankenkassen R\u00fcckverg\u00fctungen uvm.<\/p>\n\n\n\n<p><strong>Pr\u00e4ventive Massnahmen<\/strong><\/p>\n\n\n\n<p>Speichern Sie alle aktuellen Konten und Passw\u00f6rter sowie pers\u00f6nlichen Informationen an einem Ort, wo Ihre Liebsten einfach Zugang haben. Bei einigen Abos k\u00f6nnen Notfallkontakte hinterlegt werden. Schreiben Sie auch irgendwo ihren letzten Willen auf, handgeschrieben und unterschrieben oder bei der Gemeinde oder Anwalt hinterlegt. Listen Sie auch Ihre Versicherungen und Vertr\u00e4ge auf. Gew\u00f6hnen Sie sich einen Ort an, wo Sie routinem\u00e4ssig Ihre Schl\u00fcssel und Wertsachen hinlegen. Damit erleichtern Sie Ihren Angeh\u00f6rigen die Erledigungen.<\/p>\n\n\n\n<p>Benutzen Sie einfach als Hilfe und Gedankenst\u00fctze meine Checkliste (<a href=\"https:\/\/www.curtisdienste.ch\/wp-content\/uploads\/2023\/03\/Checkliste_Homepage-neu.pdf\">hier herunterladen<\/a>)<\/p>\n\n\n\n<p>Wir stehen Ihnen gerne in dieser anspruchsvollen Zeit zur Seite.<\/p>\n\n\n<div class=\"wpforms-container wpforms-container-full wpforms-block wpforms-block-853e2a25-61b4-4b00-ba70-1b9fce01591b\" id=\"wpforms-90\"><form id=\"wpforms-form-90\" class=\"wpforms-validate wpforms-form wpforms-ajax-form\" data-formid=\"90\" method=\"post\" enctype=\"multipart\/form-data\" action=\"\/index.php?rest_route=%2Fwp%2Fv2%2Fpages%2F2\" data-token=\"d7d31f94b6a30e73499ba70da4a8fd20\" data-token-time=\"1777388084\"><noscript class=\"wpforms-error-noscript\">Bitte aktiviere JavaScript in deinem Browser, um dieses Formular fertigzustellen.<\/noscript><div class=\"wpforms-field-container\"><div id=\"wpforms-90-field_0-container\" class=\"wpforms-field wpforms-field-name\" data-field-id=\"0\"><label class=\"wpforms-field-label\">Name <span class=\"wpforms-required-label\">*<\/span><\/label><div class=\"wpforms-field-row wpforms-field-medium\"><div class=\"wpforms-field-row-block wpforms-first wpforms-one-half\"><input type=\"text\" id=\"wpforms-90-field_0\" class=\"wpforms-field-name-first wpforms-field-required\" name=\"wpforms[fields][0][first]\" required><label for=\"wpforms-90-field_0\" class=\"wpforms-field-sublabel after\">Vorname<\/label><\/div><div class=\"wpforms-field-row-block wpforms-one-half\"><input type=\"text\" id=\"wpforms-90-field_0-last\" class=\"wpforms-field-name-last wpforms-field-required\" name=\"wpforms[fields][0][last]\" required><label for=\"wpforms-90-field_0-last\" class=\"wpforms-field-sublabel after\">Nachname<\/label><\/div><\/div><\/div><div id=\"wpforms-90-field_1-container\" class=\"wpforms-field wpforms-field-email\" data-field-id=\"1\"><label class=\"wpforms-field-label\" for=\"wpforms-90-field_1\">e-Mail <span class=\"wpforms-required-label\">*<\/span><\/label><input type=\"email\" id=\"wpforms-90-field_1\" class=\"wpforms-field-medium wpforms-field-required\" name=\"wpforms[fields][1]\" spellcheck=\"false\" required><\/div><div id=\"wpforms-90-field_2-container\" class=\"wpforms-field wpforms-field-textarea\" data-field-id=\"2\"><label class=\"wpforms-field-label\" for=\"wpforms-90-field_2\">Mitteilung <span class=\"wpforms-required-label\">*<\/span><\/label><textarea id=\"wpforms-90-field_2\" class=\"wpforms-field-medium wpforms-field-required\" name=\"wpforms[fields][2]\" required><\/textarea><\/div><\/div><!-- .wpforms-field-container --><div class=\"wpforms-recaptcha-container wpforms-is-recaptcha wpforms-is-recaptcha-type-v3\" ><input type=\"hidden\" name=\"wpforms[recaptcha]\" value=\"\"><\/div><div class=\"wpforms-submit-container\" ><input type=\"hidden\" name=\"wpforms[id]\" value=\"90\"><input type=\"hidden\" name=\"page_title\" value=\"\"><input type=\"hidden\" name=\"page_url\" value=\"https:\/\/www.curtisdienste.ch\/index.php?rest_route=\/wp\/v2\/pages\/2\"><input type=\"hidden\" name=\"url_referer\" value=\"\"><button type=\"submit\" name=\"wpforms[submit]\" id=\"wpforms-submit-90\" class=\"wpforms-submit\" data-alt-text=\"Sending...\" data-submit-text=\"Senden\" aria-live=\"assertive\" value=\"wpforms-submit\">Senden<\/button><img loading=\"lazy\" decoding=\"async\" src=\"https:\/\/www.curtisdienste.ch\/wp-content\/plugins\/wpforms-lite\/assets\/images\/submit-spin.svg\" class=\"wpforms-submit-spinner\" style=\"display: none;\" width=\"26\" height=\"26\" alt=\"Wird geladen\"><\/div><\/form><\/div>  <!-- .wpforms-container -->\n\n\n<h4 class=\"wp-block-heading\">Tarife<\/h4>\n\n\n\n<p>Abrechnung erfolgt stundenweise. <br>Ansatz:                         80.00 &#8211; 120.00 CHF\/h<br><sub>Pers\u00f6nliche Schwierigkeiten k\u00f6nnen mit mir diskutiert und falls n\u00f6tig verhandelt werden.<\/sub><\/p>\n","protected":false},"excerpt":{"rendered":"<p>Neben der Bew\u00e4ltigung des pers\u00f6nlichen Verlusts und der Trauer rund um einen Todesfall sind sie da, all die vielen Kleinigkeiten.Erfahrungsgem\u00e4ss sind es genau diese \u00abkleinen\u00bb Erledigungen, welche in grossem Aufwand und noch mehr M\u00fche m\u00fcnden. Sei es der Vertrag bei der Versicherung, das Nummernschild des Fahrzeugs, die vielen Online Abos oder das Mobiltelefon und anderen &hellip; <\/p>\n<p class=\"link-more\"><a href=\"https:\/\/www.curtisdienste.ch\/\" class=\"more-link\"><span class=\"screen-reader-text\">&#171;&#187;<\/span> weiterlesen<\/a><\/p>\n","protected":false},"author":3,"featured_media":0,"parent":0,"menu_order":0,"comment_status":"closed","ping_status":"closed","template":"page-no-title","meta":{"footnotes":""},"class_list":["post-2","page","type-page","status-publish","hentry"],"_links":{"self":[{"href":"https:\/\/www.curtisdienste.ch\/index.php?rest_route=\/wp\/v2\/pages\/2","targetHints":{"allow":["GET"]}}],"collection":[{"href":"https:\/\/www.curtisdienste.ch\/index.php?rest_route=\/wp\/v2\/pages"}],"about":[{"href":"https:\/\/www.curtisdienste.ch\/index.php?rest_route=\/wp\/v2\/types\/page"}],"author":[{"embeddable":true,"href":"https:\/\/www.curtisdienste.ch\/index.php?rest_route=\/wp\/v2\/users\/3"}],"replies":[{"embeddable":true,"href":"https:\/\/www.curtisdienste.ch\/index.php?rest_route=%2Fwp%2Fv2%2Fcomments&post=2"}],"version-history":[{"count":32,"href":"https:\/\/www.curtisdienste.ch\/index.php?rest_route=\/wp\/v2\/pages\/2\/revisions"}],"predecessor-version":[{"id":135,"href":"https:\/\/www.curtisdienste.ch\/index.php?rest_route=\/wp\/v2\/pages\/2\/revisions\/135"}],"wp:attachment":[{"href":"https:\/\/www.curtisdienste.ch\/index.php?rest_route=%2Fwp%2Fv2%2Fmedia&parent=2"}],"curies":[{"name":"wp","href":"https:\/\/api.w.org\/{rel}","templated":true}]}}